{"id":2333,"date":"2025-07-17T09:15:23","date_gmt":"2025-07-17T09:15:23","guid":{"rendered":"https:\/\/cncarv.com\/?post_type=product&#038;p=2333"},"modified":"2025-07-18T00:52:43","modified_gmt":"2025-07-18T00:52:43","slug":"xs-sync-assist-conveyor","status":"publish","type":"product","link":"https:\/\/cncarv.com\/vi\/san-pham\/xs-sync-assist-conveyor\/","title":{"rendered":"XS H\u1ec7 th\u1ed1ng h\u1ed7 tr\u1ee3 \u0111\u1ed3ng b\u1ed9 b\u0103ng t\u1ea3i"},"content":{"rendered":"<p>T\u00ednh n\u0103ng s\u1ea3n ph\u1ea9m<\/p>\n<p>S\u1eed d\u1ee5ng \u0111\u1ed9ng c\u01a1 servo m\u00f4-men xo\u1eafn l\u1edbn, \u0111i\u1ec1u khi\u1ec3n \u0111\u1ed9c l\u1eadp b\u1eb1ng m\u00e1y t\u00ednh \u0111\u01a1n chip, h\u1ed7 tr\u1ee3 \u0111\u1ea3o chi\u1ec1u t\u1ef1 \u0111\u1ed9ng.<\/p>\n<p>May v\u1ea3i di\u1ec7n t\u00edch l\u1edbn \u0111\u01b0\u1ee3c \u0111\u1ed3ng b\u1ed9 ho\u00e0n to\u00e0n v\u1edbi m\u00e1y may \u0111\u1ec3 th\u1ef1c hi\u1ec7n c\u00e1c ch\u1ee9c n\u0103ng nh\u01b0 c\u1ea5p v\u1ea3i t\u1ef1 \u0111\u1ed9ng, quay l\u1ea1i t\u1ef1 \u0111\u1ed9ng, v.v.<\/p>\n<p>C\u00f3 th\u1ec3 n\u00e2ng cao hi\u1ec7u su\u1ea5t l\u00e0m vi\u1ec7c c\u1ee7a c\u00f4ng nh\u00e2n may truy\u1ec1n th\u1ed1ng t\u1eeb 50% \u0111\u1ebfn 300%.<\/p>\n<p>T\u1ef1 \u0111\u1ed9ng h\u00f3a may c\u00f3 th\u1ec3 \u0111\u01b0\u1ee3c th\u1ef1c hi\u1ec7n b\u1eb1ng c\u00e1ch k\u1ebft h\u1ee3p v\u1edbi CARV Digital Puller (t\u00f9y ch\u1ecdn CARV MT, MD D\u00f2ng s\u1ea3n ph\u1ea9m M\u00e1y k\u00e9o k\u1ef9 thu\u1eadt s\u1ed1).<\/p>\n<p>Ph\u00f9 h\u1ee3p \u0111\u1ec3 may v\u00e0 c\u1ea5p v\u1ea3i cho c\u00e1c lo\u1ea1i v\u1ea3i l\u1edbn nh\u01b0 qu\u1ea7n \u00e1o, v\u1ea3i gia d\u1ee5ng, n\u1ed9i th\u1ea5t, v.v.<\/p>\n<p>C\u00f3 th\u1ec3 t\u01b0\u01a1ng th\u00edch v\u1edbi t\u1ea5t c\u1ea3 c\u00e1c lo\u1ea1i m\u00e1y may kh\u00f3a ch\u1ec9, m\u00e1y may overlock v\u00e0 m\u00e1y may interlock hi\u1ec7n c\u00f3 tr\u00ean th\u1ecb tr\u01b0\u1eddng.<\/p>\n<p>\u01afu \u0111i\u1ec3m c\u1ee7a s\u1ea3n ph\u1ea9m<\/p>\n<p>C\u00f4ng ngh\u1ec7 \u0111\u1ed3ng b\u1ed9 ho\u00e0n to\u00e0n v\u1edbi m\u00e1y may ho\u1ea1t \u0111\u1ed9ng \u1edf t\u1ed1c \u0111\u1ed9 quay cao.<\/p>\n<p>S\u1eed d\u1ee5ng \u0111\u1ed9ng c\u01a1 servo m\u00f4-men xo\u1eafn l\u1edbn, kh\u1ea3 n\u0103ng v\u1eadn chuy\u1ec3n m\u1ea1nh m\u1ebd.<\/p>\n<p>Ch\u1ee9c n\u0103ng tua l\u1ea1i ch\u1ec9 v\u1edbi m\u1ed9t l\u1ea7n ch\u1ea1m sau khi qu\u00e1 tr\u00ecnh c\u1ea5p li\u1ec7u ph\u00eda tr\u01b0\u1edbc ho\u00e0n t\u1ea5t.<\/p>\n<p>B\u0103ng t\u1ea3i \u0111\u1ed3ng b\u1ed9 ch\u1ea5t l\u01b0\u1ee3ng cao kh\u00f4ng b\u1ecb bi\u1ebfn d\u1ea1ng v\u00e0 c\u1ea5p li\u1ec7u kh\u00f4ng b\u1ecb tr\u01b0\u1ee3t.<\/p>\n<p>B\u1ed9 gi\u00e1 \u0111\u1ee1 khung m\u00e1y bay, \u1ed5n \u0111\u1ecbnh v\u00e0 \u0111\u00e1ng tin c\u1eady<\/p>","protected":false},"excerpt":{"rendered":"<table style=\"border-collapse: collapse; width: 687.77pt;\" border=\"0\" width=\"917\" cellspacing=\"0\" cellpadding=\"0\">\n<tbody>\n<tr style=\"height: 30.00pt;\">\n<td class=\"et2\" style=\"height: 30pt; width: 687.85pt; text-align: center;\" colspan=\"2\" width=\"917\" height=\"40\">XS H\u1ec7 th\u1ed1ng h\u1ed7 tr\u1ee3 \u0111\u1ed3ng b\u1ed9 b\u0103ng t\u1ea3i<\/td>\n<\/tr>\n<tr style=\"height: 30.00pt;\">\n<td class=\"et3\" style=\"height: 30.00pt;\" height=\"40\">M\u1eabu s\u1ea3n ph\u1ea9m<\/td>\n<td class=\"et3\">XS1408\/XS2008<\/td>\n<\/tr>\n<tr style=\"height: 30.00pt;\">\n<td class=\"et3\" style=\"height: 30.00pt;\" height=\"40\">K\u00edch th\u01b0\u1edbc c\u00f4ng vi\u1ec7c<\/td>\n<td class=\"et3\">1400\u00d7800mm\/ 2000\u00d7800mm<\/td>\n<\/tr>\n<tr style=\"height: 30.00pt;\">\n<td class=\"et3\" style=\"height: 30.00pt;\" height=\"40\">\u0110\u1eb7c \u0111i\u1ec3m ho\u1ea1t \u0111\u1ed9ng<\/td>\n<td class=\"et3\">M\u00e1y may \u0111\u1ed3ng b\u1ed9 v\u1edbi b\u0103ng chuy\u1ec1n<\/td>\n<\/tr>\n<tr style=\"height: 30.00pt;\">\n<td class=\"et3\" style=\"height: 30.00pt;\" height=\"40\">Ph\u01b0\u01a1ng ph\u00e1p truy\u1ec1n t\u1ea3i<\/td>\n<td class=\"et3\">B\u0103ng t\u1ea3i d\u00e2y \u0111ai \u0111\u1ed3ng b\u1ed9<\/td>\n<\/tr>\n<tr style=\"height: 30.00pt;\">\n<td class=\"et3\" style=\"height: 30.00pt;\" height=\"40\">Ch\u1ebf \u0111\u1ed9 ngu\u1ed3n<\/td>\n<td class=\"et3\">Servo (t\u00f9y ch\u1ecdn \u0111\u1ed9ng c\u01a1 b\u01b0\u1edbc \u0111i\u1ec1u khi\u1ec3n v\u00f2ng k\u00edn)<\/td>\n<\/tr>\n<tr style=\"height: 30.00pt;\">\n<td class=\"et3\" style=\"height: 30.00pt;\" height=\"40\">T\u1ed1c \u0111\u1ed9 truy\u1ec1n t\u1ea3i<\/td>\n<td class=\"et3\">\u22647000 v\u00f2ng\/ph\u00fat (c\u00f3 th\u1ec3 \u0111i\u1ec1u ch\u1ec9nh)<\/td>\n<\/tr>\n<tr style=\"height: 30.00pt;\">\n<td class=\"et3\" style=\"height: 30.00pt;\" height=\"40\">\u0110i\u1ec7n \u00e1p v\u00e0 c\u00f4ng su\u1ea5t<\/td>\n<td class=\"et4\">AC 220V\u00b110%\/400-700W<\/td>\n<\/tr>\n<\/tbody>\n<\/table>","protected":false},"featured_media":2343,"template":"","meta":{"site-sidebar-layout":"default","site-content-layout":"","ast-site-content-layout":"default","site-content-style":"default","site-sidebar-style":"default","ast-global-header-display":"","ast-banner-title-visibility":"","ast-main-header-display":"","ast-hfb-above-header-display":"","ast-hfb-below-header-display":"","ast-hfb-mobile-header-display":"","site-post-title":"","ast-breadcrumbs-content":"","ast-featured-img":"","footer-sml-layout":"","theme-transparent-header-meta":"default","adv-header-id-meta":"","stick-header-meta":"","header-above-stick-meta":"","header-main-stick-meta":"","header-below-stick-meta":"","astra-migrate-meta-layouts":"set","ast-page-background-enabled":"default","ast-page-background-meta":{"desktop":{"background-color":"var(--ast-global-color-4)","background-image":"","background-repeat":"repeat","background-position":"center center","background-size":"auto","background-attachment":"scroll","background-type":"","background-media":"","overlay-type":"","overlay-color":"","overlay-opacity":"","overlay-gradient":""},"tablet":{"background-color":"","background-image":"","background-repeat":"repeat","background-position":"center center","background-size":"auto","background-attachment":"scroll","background-type":"","background-media":"","overlay-type":"","overlay-color":"","overlay-opacity":"","overlay-gradient":""},"mobile":{"background-color":"","background-image":"","background-repeat":"repeat","background-position":"center center","background-size":"auto","background-attachment":"scroll","background-type":"","background-media":"","overlay-type":"","overlay-color":"","overlay-opacity":"","overlay-gradient":""}},"ast-content-background-meta":{"desktop":{"background-color":"var(--ast-global-color-5)","background-image":"","background-repeat":"repeat","background-position":"center center","background-size":"auto","background-attachment":"scroll","background-type":"","background-media":"","overlay-type":"","overlay-color":"","overlay-opacity":"","overlay-gradient":""},"tablet":{"background-color":"var(--ast-global-color-5)","background-image":"","background-repeat":"repeat","background-position":"center center","background-size":"auto","background-attachment":"scroll","background-type":"","background-media":"","overlay-type":"","overlay-color":"","overlay-opacity":"","overlay-gradient":""},"mobile":{"background-color":"var(--ast-global-color-5)","background-image":"","background-repeat":"repeat","background-position":"center center","background-size":"auto","background-attachment":"scroll","background-type":"","background-media":"","overlay-type":"","overlay-color":"","overlay-opacity":"","overlay-gradient":""}}},"product_brand":[],"product_cat":[25],"product_tag":[],"class_list":{"0":"post-2333","1":"product","2":"type-product","3":"status-publish","4":"has-post-thumbnail","6":"product_cat-other-products","7":"desktop-align-left","8":"tablet-align-left","9":"mobile-align-left","10":"ast-product-gallery-layout-horizontal-slider","11":"ast-product-gallery-with-no-image","12":"ast-product-tabs-layout-horizontal","14":"first","15":"instock","16":"shipping-taxable","17":"product-type-simple"},"_links":{"self":[{"href":"https:\/\/cncarv.com\/vi\/wp-json\/wp\/v2\/product\/2333","targetHints":{"allow":["GET"]}}],"collection":[{"href":"https:\/\/cncarv.com\/vi\/wp-json\/wp\/v2\/product"}],"about":[{"href":"https:\/\/cncarv.com\/vi\/wp-json\/wp\/v2\/types\/product"}],"wp:featuredmedia":[{"embeddable":true,"href":"https:\/\/cncarv.com\/vi\/wp-json\/wp\/v2\/media\/2343"}],"wp:attachment":[{"href":"https:\/\/cncarv.com\/vi\/wp-json\/wp\/v2\/media?parent=2333"}],"wp:term":[{"taxonomy":"product_brand","embeddable":true,"href":"https:\/\/cncarv.com\/vi\/wp-json\/wp\/v2\/product_brand?post=2333"},{"taxonomy":"product_cat","embeddable":true,"href":"https:\/\/cncarv.com\/vi\/wp-json\/wp\/v2\/product_cat?post=2333"},{"taxonomy":"product_tag","embeddable":true,"href":"https:\/\/cncarv.com\/vi\/wp-json\/wp\/v2\/product_tag?post=2333"}],"curies":[{"name":"wp","href":"https:\/\/api.w.org\/{rel}","templated":true}]}}