{"id":2306,"date":"2025-07-17T08:46:39","date_gmt":"2025-07-17T08:46:39","guid":{"rendered":"https:\/\/cncarv.com\/?post_type=product&#038;p=2306"},"modified":"2025-09-02T07:17:16","modified_gmt":"2025-09-02T07:17:16","slug":"ultrasonic-semi-automatic-positioning-machine","status":"publish","type":"product","link":"https:\/\/cncarv.com\/vi\/san-pham\/ultrasonic-semi-automatic-positioning-machine\/","title":{"rendered":"Ultrasonic semi-automatic positioning machine SD1206"},"content":{"rendered":"<p>Ch\u1ee9c n\u0103ng s\u1ea3n ph\u1ea9m<\/p>\n<p>C\u00f4ng nh\u00e2n \u0111\u1eb7t c\u00e1c m\u1eabu v\u1eadt l\u00ean b\u1ec7 m\u00e1y, \u0111\u1ecbnh v\u1ecb b\u1eb1ng s\u00f3ng si\u00eau \u00e2m th\u00f4ng qua \u0111i\u1ec1u khi\u1ec3n b\u1eb1ng b\u00e0n \u0111\u1ea1p ch\u00e2n ho\u1eb7c chu tr\u00ecnh t\u1ef1 \u0111\u1ed9ng.<\/p>\n<p>B\u1eb1ng c\u00e1ch di chuy\u1ec3n th\u1ee7 c\u00f4ng c\u00e1c m\u1ea3nh m\u1eabu, h\u00e0n \u0111i\u1ec3m hai ho\u1eb7c nhi\u1ec1u m\u1ea3nh l\u1ea1i v\u1edbi nhau \u0111\u1ec3 d\u1ec5 d\u00e0ng may.<\/p>\n<p>Ph\u00f9 h\u1ee3p cho \u0111\u1ed3 b\u01a1i, \u0111\u1ed3 l\u00f3t, \u0111\u1ed3 t\u1eadp yoga, s\u1ea3n ph\u1ea9m \u0111a th\u01b0\u01a1ng hi\u1ec7u, kh\u00f3a k\u00e9o nylon, v.v.<\/p>\n<p>\u01afu \u0111i\u1ec3m c\u1ee7a s\u1ea3n ph\u1ea9m<\/p>\n<p>V\u1ecb tr\u00ed thu\u1eadn ti\u1ec7n cho c\u00e1c m\u1eabu nh\u1ecf, hi\u1ec7u qu\u1ea3 g\u1ea5p h\u01a1n hai l\u1ea7n so v\u1edbi ph\u01b0\u01a1ng ph\u00e1p \u0111\u1ecbnh v\u1ecb th\u1ee7 c\u00f4ng th\u00f4ng th\u01b0\u1eddng.<\/p>\n<p>Ch\u1ee9c n\u0103ng \u0111\u1ebfm t\u1ef1 \u0111\u1ed9ng v\u00e0 chu k\u1ef3 t\u1ef1 \u0111\u1ed9ng, lo\u1ea1i b\u1ecf nhu c\u1ea7u s\u1eed d\u1ee5ng \u0111i\u1ec1u khi\u1ec3n b\u1eb1ng ch\u00e2n v\u00e0 \u0111\u1ebfm th\u1ee7 c\u00f4ng.<\/p>\n<p>\u0110\u1ecbnh v\u1ecb b\u1eb1ng s\u00f3ng si\u00eau \u00e2m, kh\u00f4ng c\u1ea7n ch\u1ec9 may, ti\u1ebft ki\u1ec7m n\u0103ng l\u01b0\u1ee3ng v\u00e0 chi ph\u00ed.<\/p>\n<p>C\u00f3 th\u1ec3 \u0111\u1eb7t v\u00e0o d\u00e2y chuy\u1ec1n s\u1ea3n xu\u1ea5t c\u00f9ng v\u1edbi m\u00e1y may, kh\u00f4ng \u1ea3nh h\u01b0\u1edfng \u0111\u1ebfn qu\u00e1 tr\u00ecnh s\u1ea3n xu\u1ea5t.<\/p>","protected":false},"excerpt":{"rendered":"<table style=\"border-collapse: collapse; width: 687.77pt;\" border=\"0\" width=\"917\" cellspacing=\"0\" cellpadding=\"0\">\n<tbody>\n<tr style=\"height: 30.00pt;\">\n<td class=\"et2\" style=\"height: 30pt; width: 687.85pt; text-align: center;\" colspan=\"2\" width=\"917\" height=\"40\">Ultrasonic semi-automatic positioning machine SD1206<\/td>\n<\/tr>\n<tr style=\"height: 30.00pt;\">\n<td class=\"et3\" style=\"height: 30.00pt;\" height=\"40\">M\u1eabu s\u1ea3n ph\u1ea9m<\/td>\n<td class=\"et3\">SD 1206<\/td>\n<\/tr>\n<tr style=\"height: 30.00pt;\">\n<td class=\"et3\" style=\"height: 30.00pt;\" height=\"40\">Khu v\u1ef1c l\u00e0m vi\u1ec7c<\/td>\n<td class=\"et3\">300\u00d7400mm<\/td>\n<\/tr>\n<tr style=\"height: 30.00pt;\">\n<td class=\"et3\" style=\"height: 30.00pt;\" height=\"40\">\u0110\u1eb7c \u0111i\u1ec3m ho\u1ea1t \u0111\u1ed9ng<\/td>\n<td class=\"et3\">H\u00e0n \u0111i\u1ec3m b\u1eb1ng s\u00f3ng si\u00eau \u00e2m cho v\u1ea3i<\/td>\n<\/tr>\n<tr style=\"height: 30.00pt;\">\n<td class=\"et3\" style=\"height: 30.00pt;\" height=\"40\">C\u00e1c m\u1ea3nh gh\u00e9p di chuy\u1ec3n<\/td>\n<td class=\"et3\">Ho\u1ea1t \u0111\u1ed9ng th\u1ee7 c\u00f4ng<\/td>\n<\/tr>\n<tr style=\"height: 30.00pt;\">\n<td class=\"et3\" style=\"height: 30.00pt;\" height=\"40\">T\u00e0i li\u1ec7u h\u01b0\u1edbng d\u1eabn<\/td>\n<td class=\"et3\">Spandex, polyester, polyester-cotton, nylon, v\u1ea3i kh\u00f4ng d\u1ec7t, v.v.<\/td>\n<\/tr>\n<tr style=\"height: 30.00pt;\">\n<td class=\"et3\" style=\"height: 30.00pt;\" height=\"40\">Ph\u01b0\u01a1ng ph\u00e1p \u0111\u1ecbnh v\u1ecb<\/td>\n<td class=\"et3\">Si\u00eau \u00e2m (qu\u00e9t)<\/td>\n<\/tr>\n<tr style=\"height: 30.00pt;\">\n<td class=\"et3\" style=\"height: 30.00pt;\" height=\"40\">Th\u00f4ng s\u1ed1 k\u1ef9 thu\u1eadt c\u1ee7a \u0111\u1ea7u h\u00e0n<\/td>\n<td class=\"et3\">1 2 3 4 5mm (3mm l\u00e0 ti\u00eau chu\u1ea9n, c\u00f3 th\u1ec3 t\u00f9y ch\u1ecdn theo y\u00eau c\u1ea7u c\u1ee7a quy tr\u00ecnh)<\/td>\n<\/tr>\n<tr style=\"height: 30.00pt;\">\n<td class=\"et3\" style=\"height: 30.00pt;\" height=\"40\">T\u1ea7n s\u1ed1 si\u00eau \u00e2m<\/td>\n<td class=\"et3\">28K<\/td>\n<\/tr>\n<tr style=\"height: 30.00pt;\">\n<td class=\"et3\" style=\"height: 30.00pt;\" height=\"40\">\u0110i\u1ec7n \u00e1p v\u00e0 c\u00f4ng su\u1ea5t<\/td>\n<td class=\"et4\">AC 220V\u00b110%\/150W<\/td>\n<\/tr>\n<\/tbody>\n<\/table>","protected":false},"featured_media":2346,"template":"","meta":{"site-sidebar-layout":"default","site-content-layout":"","ast-site-content-layout":"default","site-content-style":"default","site-sidebar-style":"default","ast-global-header-display":"","ast-banner-title-visibility":"","ast-main-header-display":"","ast-hfb-above-header-display":"","ast-hfb-below-header-display":"","ast-hfb-mobile-header-display":"","site-post-title":"","ast-breadcrumbs-content":"","ast-featured-img":"","footer-sml-layout":"","theme-transparent-header-meta":"default","adv-header-id-meta":"","stick-header-meta":"","header-above-stick-meta":"","header-main-stick-meta":"","header-below-stick-meta":"","astra-migrate-meta-layouts":"set","ast-page-background-enabled":"default","ast-page-background-meta":{"desktop":{"background-color":"var(--ast-global-color-4)","background-image":"","background-repeat":"repeat","background-position":"center center","background-size":"auto","background-attachment":"scroll","background-type":"","background-media":"","overlay-type":"","overlay-color":"","overlay-opacity":"","overlay-gradient":""},"tablet":{"background-color":"","background-image":"","background-repeat":"repeat","background-position":"center center","background-size":"auto","background-attachment":"scroll","background-type":"","background-media":"","overlay-type":"","overlay-color":"","overlay-opacity":"","overlay-gradient":""},"mobile":{"background-color":"","background-image":"","background-repeat":"repeat","background-position":"center center","background-size":"auto","background-attachment":"scroll","background-type":"","background-media":"","overlay-type":"","overlay-color":"","overlay-opacity":"","overlay-gradient":""}},"ast-content-background-meta":{"desktop":{"background-color":"var(--ast-global-color-5)","background-image":"","background-repeat":"repeat","background-position":"center center","background-size":"auto","background-attachment":"scroll","background-type":"","background-media":"","overlay-type":"","overlay-color":"","overlay-opacity":"","overlay-gradient":""},"tablet":{"background-color":"var(--ast-global-color-5)","background-image":"","background-repeat":"repeat","background-position":"center center","background-size":"auto","background-attachment":"scroll","background-type":"","background-media":"","overlay-type":"","overlay-color":"","overlay-opacity":"","overlay-gradient":""},"mobile":{"background-color":"var(--ast-global-color-5)","background-image":"","background-repeat":"repeat","background-position":"center center","background-size":"auto","background-attachment":"scroll","background-type":"","background-media":"","overlay-type":"","overlay-color":"","overlay-opacity":"","overlay-gradient":""}}},"product_brand":[],"product_cat":[41],"product_tag":[],"class_list":{"0":"post-2306","1":"product","2":"type-product","3":"status-publish","4":"has-post-thumbnail","6":"product_cat-visual-pieces-automatic-positioning-machine","7":"desktop-align-left","8":"tablet-align-left","9":"mobile-align-left","10":"ast-product-gallery-layout-horizontal-slider","11":"ast-product-gallery-with-no-image","12":"ast-product-tabs-layout-horizontal","14":"first","15":"instock","16":"shipping-taxable","17":"product-type-simple"},"_links":{"self":[{"href":"https:\/\/cncarv.com\/vi\/wp-json\/wp\/v2\/product\/2306","targetHints":{"allow":["GET"]}}],"collection":[{"href":"https:\/\/cncarv.com\/vi\/wp-json\/wp\/v2\/product"}],"about":[{"href":"https:\/\/cncarv.com\/vi\/wp-json\/wp\/v2\/types\/product"}],"wp:featuredmedia":[{"embeddable":true,"href":"https:\/\/cncarv.com\/vi\/wp-json\/wp\/v2\/media\/2346"}],"wp:attachment":[{"href":"https:\/\/cncarv.com\/vi\/wp-json\/wp\/v2\/media?parent=2306"}],"wp:term":[{"taxonomy":"product_brand","embeddable":true,"href":"https:\/\/cncarv.com\/vi\/wp-json\/wp\/v2\/product_brand?post=2306"},{"taxonomy":"product_cat","embeddable":true,"href":"https:\/\/cncarv.com\/vi\/wp-json\/wp\/v2\/product_cat?post=2306"},{"taxonomy":"product_tag","embeddable":true,"href":"https:\/\/cncarv.com\/vi\/wp-json\/wp\/v2\/product_tag?post=2306"}],"curies":[{"name":"wp","href":"https:\/\/api.w.org\/{rel}","templated":true}]}}