{"id":2288,"date":"2025-07-17T08:33:37","date_gmt":"2025-07-17T08:33:37","guid":{"rendered":"https:\/\/cncarv.com\/?post_type=product&#038;p=2288"},"modified":"2025-09-02T07:19:17","modified_gmt":"2025-09-02T07:19:17","slug":"jcluxury-inkjet-flatbed-cutter","status":"publish","type":"product","link":"https:\/\/cncarv.com\/vi\/san-pham\/jcluxury-inkjet-flatbed-cutter\/","title":{"rendered":"Luxury Inkjet Flatbed Cutter JC+1509\/1512\/1512Z"},"content":{"rendered":"<p>T\u00ednh n\u0103ng s\u1ea3n ph\u1ea9m<\/p>\n<p>Ho\u1ea1t \u0111\u1ed9ng v\u00e0 c\u1eaft b\u1eb1ng m\u00e1y t\u00ednh \u0111\u1ed3ng th\u1eddi, truy\u1ec1n d\u1eef li\u1ec7u nhanh ch\u00f3ng, c\u00f3 th\u1ec3 l\u1ef1a ch\u1ecdn gi\u00e1 \u0111\u1ee1 gi\u1ea5y v\u00e0 ch\u1ee9c n\u0103ng c\u1ea5p gi\u1ea5y li\u00ean t\u1ee5c.<\/p>\n<p>H\u1ed7 tr\u1ee3 ch\u1ee9c n\u0103ng in trang, c\u00f4ng ngh\u1ec7 in phun HP45 c\u00f3 th\u1ec3 n\u00e2ng cao hi\u1ec7u qu\u1ea3 c\u1ee7a c\u00f4ng vi\u1ec7c v\u1ebd v\u00e0 c\u1eaft.<\/p>\n<p>\u01afu \u0111i\u1ec3m c\u1ee7a s\u1ea3n ph\u1ea9m<\/p>\n<p>D\u1ec5 d\u00e0ng b\u1ea3o tr\u00ec v\u00e0 chi ph\u00ed s\u1edf h\u1eefu th\u1ea5p v\u1edbi h\u1ed9p m\u1ef1c HP45.<\/p>\n<p>B\u00e0n c\u1eaft d\u00e2y \u0111ai \u0111\u1ed3ng b\u1ed9 nh\u1eadp kh\u1ea9u, s\u1eed d\u1ee5ng trong th\u1eddi gian d\u00e0i.<\/p>\n<p>L\u1ef1a ch\u1ecdn ray d\u1eabn h\u01b0\u1edbng tuy\u1ebfn t\u00ednh \u0111\u1ed9 ch\u00ednh x\u00e1c cao, \u0111\u1ed9 ch\u00ednh x\u00e1c c\u1eaft cao<\/p>\n<p>H\u01a1n 14 n\u0103m kinh nghi\u1ec7m trong s\u1ea3n xu\u1ea5t m\u00e1y m\u00f3c, \u0111\u1ea3m b\u1ea3o t\u00ednh \u1ed5n \u0111\u1ecbnh c\u1ee7a m\u00e1y m\u00f3c.<\/p>","protected":false},"excerpt":{"rendered":"<table style=\"border-collapse: collapse; width: 687.77pt;\" border=\"0\" width=\"917\" cellspacing=\"0\" cellpadding=\"0\">\n<tbody>\n<tr style=\"height: 30.00pt;\">\n<td class=\"et2\" style=\"height: 30pt; width: 687.85pt; text-align: center;\" colspan=\"2\" width=\"917\" height=\"40\">Luxury Inkjet Flatbed Cutter JC+1509\/1512\/1512Z<\/td>\n<\/tr>\n<tr style=\"height: 30.00pt;\">\n<td class=\"et3\" style=\"height: 30.00pt;\" height=\"40\">M\u1eabu s\u1ea3n ph\u1ea9m<\/td>\n<td class=\"et3\">JC+1509 JC+1512 JC+1812<\/td>\n<\/tr>\n<tr style=\"height: 30.00pt;\">\n<td class=\"et3\" style=\"height: 30.00pt;\" height=\"40\">Khu v\u1ef1c l\u00e0m vi\u1ec7c<\/td>\n<td class=\"et3\">1500*900 1500*1200 1800*1200 (mm)<\/td>\n<\/tr>\n<tr style=\"height: 30.00pt;\">\n<td class=\"et3\" style=\"height: 30.00pt;\" height=\"40\">Ph\u01b0\u01a1ng ph\u00e1p s\u1eeda ch\u1eefa<\/td>\n<td class=\"et3\">H\u00fat ch\u00e2n kh\u00f4ng ho\u1eb7c keo d\u00e1n hai m\u1eb7t<\/td>\n<\/tr>\n<tr style=\"height: 30.00pt;\">\n<td class=\"et3\" style=\"height: 30.00pt;\" height=\"40\">V\u1eadt li\u1ec7u c\u1eaft<\/td>\n<td class=\"et3\">B\u1ea3ng tr\u1eafng, gi\u1ea5y tr\u00e1ng, gi\u1ea5y kraft, b\u1ea3ng PVC<\/td>\n<\/tr>\n<tr style=\"height: 30.00pt;\">\n<td class=\"et3\" style=\"height: 30.00pt;\" height=\"40\">Ph\u01b0\u01a1ng ph\u00e1p c\u1eaft<\/td>\n<td class=\"et3\">Gi\u00e1 \u0111\u1ef1ng dao \u0111a n\u0103ng, Di chuy\u1ec3n \u0111\u1ebfn, B\u1ed9 dao \u0111\u1ea7y \u0111\u1ee7<\/td>\n<\/tr>\n<tr style=\"height: 30.00pt;\">\n<td class=\"et3\" style=\"height: 30.00pt;\" height=\"40\">Lo\u1ea1i dao\/lo\u1ea1i b\u00fat<\/td>\n<td class=\"et3\">Dao carbide vonfram\/M\u1ef1c in phun HP45<\/td>\n<\/tr>\n<tr style=\"height: 30.00pt;\">\n<td class=\"et3\" style=\"height: 30.00pt;\" height=\"40\">T\u1ed1c \u0111\u1ed9 c\u1eaft<\/td>\n<td class=\"et3\">Dao 1400 mm\/s B\u00fat 80 mm\/s<\/td>\n<\/tr>\n<tr style=\"height: 30.00pt;\">\n<td class=\"et3\" style=\"height: 30.00pt;\" height=\"40\">\u0110\u1ed9 d\u00e0y c\u1eaft<\/td>\n<td class=\"et3\">\u22642mm<\/td>\n<\/tr>\n<tr style=\"height: 30.00pt;\">\n<td class=\"et3\" style=\"height: 30.00pt;\" height=\"40\">\u0110\u1ed9 ch\u00ednh x\u00e1c khi c\u1eaft<\/td>\n<td class=\"et3\">\u22640.1mm<\/td>\n<\/tr>\n<tr style=\"height: 30.00pt;\">\n<td class=\"et3\" style=\"height: 30.00pt;\" height=\"40\">C\u00e1c \u0111\u1ecbnh d\u1ea1ng \u0111\u01b0\u1ee3c h\u1ed7 tr\u1ee3<\/td>\n<td class=\"et4\">hpg hpgl plt dxf<\/td>\n<\/tr>\n<tr style=\"height: 30.00pt;\">\n<td class=\"et3\" style=\"height: 30.00pt;\" height=\"40\">C\u1ed5ng ra<\/td>\n<td class=\"et4\">Giao di\u1ec7n m\u1ea1ng<\/td>\n<\/tr>\n<tr style=\"height: 30.00pt;\">\n<td class=\"et3\" style=\"height: 30.00pt;\" height=\"40\">\u0110i\u1ec7n \u00e1p\/C\u00f4ng su\u1ea5t<\/td>\n<td class=\"et4\">(AC)110-220V\u00b110%<\/td>\n<\/tr>\n<tr style=\"height: 30.00pt;\">\n<td class=\"et3\" style=\"height: 30.00pt;\" height=\"40\">S\u1ee9c m\u1ea1nh c\u1ee7a m\u00e1y m\u00f3c<\/td>\n<td class=\"et4\">1200W<\/td>\n<\/tr>\n<\/tbody>\n<\/table>","protected":false},"featured_media":2349,"template":"","meta":{"site-sidebar-layout":"default","site-content-layout":"","ast-site-content-layout":"default","site-content-style":"default","site-sidebar-style":"default","ast-global-header-display":"","ast-banner-title-visibility":"","ast-main-header-display":"","ast-hfb-above-header-display":"","ast-hfb-below-header-display":"","ast-hfb-mobile-header-display":"","site-post-title":"","ast-breadcrumbs-content":"","ast-featured-img":"","footer-sml-layout":"","theme-transparent-header-meta":"default","adv-header-id-meta":"","stick-header-meta":"","header-above-stick-meta":"","header-main-stick-meta":"","header-below-stick-meta":"","astra-migrate-meta-layouts":"set","ast-page-background-enabled":"default","ast-page-background-meta":{"desktop":{"background-color":"var(--ast-global-color-4)","background-image":"","background-repeat":"repeat","background-position":"center center","background-size":"auto","background-attachment":"scroll","background-type":"","background-media":"","overlay-type":"","overlay-color":"","overlay-opacity":"","overlay-gradient":""},"tablet":{"background-color":"","background-image":"","background-repeat":"repeat","background-position":"center center","background-size":"auto","background-attachment":"scroll","background-type":"","background-media":"","overlay-type":"","overlay-color":"","overlay-opacity":"","overlay-gradient":""},"mobile":{"background-color":"","background-image":"","background-repeat":"repeat","background-position":"center center","background-size":"auto","background-attachment":"scroll","background-type":"","background-media":"","overlay-type":"","overlay-color":"","overlay-opacity":"","overlay-gradient":""}},"ast-content-background-meta":{"desktop":{"background-color":"var(--ast-global-color-5)","background-image":"","background-repeat":"repeat","background-position":"center center","background-size":"auto","background-attachment":"scroll","background-type":"","background-media":"","overlay-type":"","overlay-color":"","overlay-opacity":"","overlay-gradient":""},"tablet":{"background-color":"var(--ast-global-color-5)","background-image":"","background-repeat":"repeat","background-position":"center center","background-size":"auto","background-attachment":"scroll","background-type":"","background-media":"","overlay-type":"","overlay-color":"","overlay-opacity":"","overlay-gradient":""},"mobile":{"background-color":"var(--ast-global-color-5)","background-image":"","background-repeat":"repeat","background-position":"center center","background-size":"auto","background-attachment":"scroll","background-type":"","background-media":"","overlay-type":"","overlay-color":"","overlay-opacity":"","overlay-gradient":""}}},"product_brand":[],"product_cat":[45],"product_tag":[],"class_list":{"0":"post-2288","1":"product","2":"type-product","3":"status-publish","4":"has-post-thumbnail","6":"product_cat-luxury-luxury-inkjet-flatbed-cutter","7":"desktop-align-left","8":"tablet-align-left","9":"mobile-align-left","10":"ast-product-gallery-layout-horizontal-slider","11":"ast-product-gallery-with-no-image","12":"ast-product-tabs-layout-horizontal","14":"first","15":"instock","16":"shipping-taxable","17":"product-type-simple"},"_links":{"self":[{"href":"https:\/\/cncarv.com\/vi\/wp-json\/wp\/v2\/product\/2288","targetHints":{"allow":["GET"]}}],"collection":[{"href":"https:\/\/cncarv.com\/vi\/wp-json\/wp\/v2\/product"}],"about":[{"href":"https:\/\/cncarv.com\/vi\/wp-json\/wp\/v2\/types\/product"}],"wp:featuredmedia":[{"embeddable":true,"href":"https:\/\/cncarv.com\/vi\/wp-json\/wp\/v2\/media\/2349"}],"wp:attachment":[{"href":"https:\/\/cncarv.com\/vi\/wp-json\/wp\/v2\/media?parent=2288"}],"wp:term":[{"taxonomy":"product_brand","embeddable":true,"href":"https:\/\/cncarv.com\/vi\/wp-json\/wp\/v2\/product_brand?post=2288"},{"taxonomy":"product_cat","embeddable":true,"href":"https:\/\/cncarv.com\/vi\/wp-json\/wp\/v2\/product_cat?post=2288"},{"taxonomy":"product_tag","embeddable":true,"href":"https:\/\/cncarv.com\/vi\/wp-json\/wp\/v2\/product_tag?post=2288"}],"curies":[{"name":"wp","href":"https:\/\/api.w.org\/{rel}","templated":true}]}}