{"id":2284,"date":"2025-07-17T08:30:37","date_gmt":"2025-07-17T08:30:37","guid":{"rendered":"https:\/\/cncarv.com\/?post_type=product&#038;p=2284"},"modified":"2025-09-02T07:25:39","modified_gmt":"2025-09-02T07:25:39","slug":"jt-double-step-jt-blue-whale-digital-puller","status":"publish","type":"product","link":"https:\/\/cncarv.com\/vi\/san-pham\/jt-double-step-jt-blue-whale-digital-puller\/","title":{"rendered":"JT Double Step JT Blue Whale Digital Puller"},"content":{"rendered":"<p>Ch\u1ee9c n\u0103ng s\u1ea3n ph\u1ea9m<\/p>\n<p>Gi\u1ea3i quy\u1ebft c\u00e1c v\u1ea5n \u0111\u1ec1 nh\u01b0 c\u1eaft kh\u00f4ng \u0111\u1ec1u, nh\u0103n, xo\u1eafn v\u00e0 d\u1ec5 tr\u01b0\u1ee3t c\u1ee7a v\u1ea3i may.<\/p>\n<p>Ph\u00f9 h\u1ee3p cho c\u00e1c s\u1ea3n ph\u1ea9m d\u1ec7t may gia d\u1ee5ng, ch\u0103n, r\u00e8m c\u1eeda, l\u1ec1u, v.v.<\/p>\n<p>C\u00e1c c\u1ea5u h\u00ecnh kh\u00e1c nhau c\u00f3 th\u1ec3 \u0111\u01b0\u1ee3c l\u1eafp \u0111\u1eb7t tr\u00ean b\u1ea5t k\u1ef3 m\u00e1y may ph\u1eb3ng, m\u00e1y may kim \u0111\u00f4i, m\u00e1y may \u0111\u1ed3ng b\u1ed9, v.v.<\/p>\n<p>\u01afu \u0111i\u1ec3m c\u1ee7a s\u1ea3n ph\u1ea9m<\/p>\n<p>\u0110\u01b0\u1ee3c trang b\u1ecb \u0111\u1ed9ng c\u01a1 b\u01b0\u1edbc \u0111\u1ec3 n\u00e2ng v\u00e0 th\u1ea3 b\u1ed9 k\u00e9o.<\/p>\n<p>C\u00f4ng ngh\u1ec7 m\u00e1y may t\u1ed1c \u0111\u1ed9 cao v\u00e0 \u0111\u1ed3ng b\u1ed9 ho\u00e0n to\u00e0n.<\/p>\n<p>H\u1ec7 th\u1ed1ng \u0111i\u1ec1u khi\u1ec3n t\u1ef1 \u0111\u1ed9ng chuy\u00ean nghi\u1ec7p, \u1ed5n \u0111\u1ecbnh v\u00e0 \u0111\u00e1ng tin c\u1eady.<\/p>\n<p>T\u00ednh n\u0103ng s\u1ea3n ph\u1ea9m<\/p>\n<p>JT B\u01b0\u1edbc \u0110\u00f4i JT C\u00e1 Voi Xanh m\u00e1y k\u00e9o k\u1ef9 thu\u1eadt s\u1ed1, \u0111\u01b0\u1ee3c trang b\u1ecb \u0111\u1ed9ng c\u01a1 b\u01b0\u1edbc k\u00e9p, c\u00f3 m\u00f4-men xo\u1eafn l\u1edbn h\u01a1n, c\u00f4ng su\u1ea5t m\u1ea1nh m\u1ebd h\u01a1n v\u00e0 hi\u1ec7u su\u1ea5t cao h\u01a1n.<\/p>","protected":false},"excerpt":{"rendered":"<table style=\"border-collapse: collapse; width: 471.02pt;\" border=\"0\" width=\"628\" cellspacing=\"0\" cellpadding=\"0\">\n<tbody>\n<tr style=\"height: 30.00pt;\">\n<td class=\"et2\" style=\"height: 30pt; width: 471pt; text-align: center;\" colspan=\"2\" width=\"628\" height=\"40\">JT Double Step JT Blue Whale Digital Puller<\/td>\n<\/tr>\n<tr style=\"height: 30.00pt;\">\n<td class=\"et3\" style=\"height: 30.00pt;\" height=\"40\">Ch\u1ebf \u0111\u1ed9 l\u00e1i<\/td>\n<td class=\"et3\">\u0110\u1ed9ng c\u01a1 \u0111\u1ed3ng b\u1ed9 series C\u00e1 voi xanh<\/td>\n<\/tr>\n<tr style=\"height: 30.00pt;\">\n<td class=\"et3\" style=\"height: 30.00pt;\" height=\"40\">Ch\u1ebf \u0111\u1ed9 n\u00e2ng<\/td>\n<td class=\"et3\">\u0110\u1ed9ng c\u01a1 b\u01b0\u1edbc n\u00e2ng v\u00e0 h\u1ea1<\/td>\n<\/tr>\n<tr style=\"height: 30.00pt;\">\n<td class=\"et3\" style=\"height: 30.00pt;\" height=\"40\">Ch\u1ebf \u0111\u1ed9 \u00e1p su\u1ea5t<\/td>\n<td class=\"et3\">L\u00f2 xo \u0111i\u1ec1u ch\u1ec9nh \u0111\u01b0\u1ee3c<\/td>\n<\/tr>\n<tr style=\"height: 30.00pt;\">\n<td class=\"et3\" style=\"height: 30.00pt;\" height=\"40\">Chi\u1ec1u cao n\u00e2ng<\/td>\n<td class=\"et3\">\u226418mm<\/td>\n<\/tr>\n<tr style=\"height: 30.00pt;\">\n<td class=\"et3\" style=\"height: 30.00pt;\" height=\"40\">Kho\u1ea3ng c\u00e1ch t\u1ed1i \u0111a gi\u1eefa c\u00e1c kim<\/td>\n<td class=\"et3\">\u226412mm<\/td>\n<\/tr>\n<tr style=\"height: 30.00pt;\">\n<td class=\"et3\" style=\"height: 30.00pt;\" height=\"40\">K\u00e9o con l\u0103n<\/td>\n<td class=\"et3\"><span class=\"font1\">\u22643nm<\/span><span class=\"font2\">\uff08<\/span><span class=\"font1\">Xem c\u1ea5u h\u00ecnh<\/span><span class=\"font2\">\uff09<\/span><\/td>\n<\/tr>\n<\/tbody>\n<\/table>","protected":false},"featured_media":2348,"template":"","meta":{"site-sidebar-layout":"default","site-content-layout":"","ast-site-content-layout":"default","site-content-style":"default","site-sidebar-style":"default","ast-global-header-display":"","ast-banner-title-visibility":"","ast-main-header-display":"","ast-hfb-above-header-display":"","ast-hfb-below-header-display":"","ast-hfb-mobile-header-display":"","site-post-title":"","ast-breadcrumbs-content":"","ast-featured-img":"","footer-sml-layout":"","theme-transparent-header-meta":"default","adv-header-id-meta":"","stick-header-meta":"","header-above-stick-meta":"","header-main-stick-meta":"","header-below-stick-meta":"","astra-migrate-meta-layouts":"set","ast-page-background-enabled":"default","ast-page-background-meta":{"desktop":{"background-color":"var(--ast-global-color-4)","background-image":"","background-repeat":"repeat","background-position":"center center","background-size":"auto","background-attachment":"scroll","background-type":"","background-media":"","overlay-type":"","overlay-color":"","overlay-opacity":"","overlay-gradient":""},"tablet":{"background-color":"","background-image":"","background-repeat":"repeat","background-position":"center center","background-size":"auto","background-attachment":"scroll","background-type":"","background-media":"","overlay-type":"","overlay-color":"","overlay-opacity":"","overlay-gradient":""},"mobile":{"background-color":"","background-image":"","background-repeat":"repeat","background-position":"center center","background-size":"auto","background-attachment":"scroll","background-type":"","background-media":"","overlay-type":"","overlay-color":"","overlay-opacity":"","overlay-gradient":""}},"ast-content-background-meta":{"desktop":{"background-color":"var(--ast-global-color-5)","background-image":"","background-repeat":"repeat","background-position":"center center","background-size":"auto","background-attachment":"scroll","background-type":"","background-media":"","overlay-type":"","overlay-color":"","overlay-opacity":"","overlay-gradient":""},"tablet":{"background-color":"var(--ast-global-color-5)","background-image":"","background-repeat":"repeat","background-position":"center center","background-size":"auto","background-attachment":"scroll","background-type":"","background-media":"","overlay-type":"","overlay-color":"","overlay-opacity":"","overlay-gradient":""},"mobile":{"background-color":"var(--ast-global-color-5)","background-image":"","background-repeat":"repeat","background-position":"center center","background-size":"auto","background-attachment":"scroll","background-type":"","background-media":"","overlay-type":"","overlay-color":"","overlay-opacity":"","overlay-gradient":""}}},"product_brand":[],"product_cat":[23],"product_tag":[],"class_list":{"0":"post-2284","1":"product","2":"type-product","3":"status-publish","4":"has-post-thumbnail","6":"product_cat-digital-puller-series","7":"desktop-align-left","8":"tablet-align-left","9":"mobile-align-left","10":"ast-product-gallery-layout-horizontal-slider","11":"ast-product-gallery-with-no-image","12":"ast-product-tabs-layout-horizontal","14":"first","15":"instock","16":"shipping-taxable","17":"product-type-simple"},"_links":{"self":[{"href":"https:\/\/cncarv.com\/vi\/wp-json\/wp\/v2\/product\/2284","targetHints":{"allow":["GET"]}}],"collection":[{"href":"https:\/\/cncarv.com\/vi\/wp-json\/wp\/v2\/product"}],"about":[{"href":"https:\/\/cncarv.com\/vi\/wp-json\/wp\/v2\/types\/product"}],"wp:featuredmedia":[{"embeddable":true,"href":"https:\/\/cncarv.com\/vi\/wp-json\/wp\/v2\/media\/2348"}],"wp:attachment":[{"href":"https:\/\/cncarv.com\/vi\/wp-json\/wp\/v2\/media?parent=2284"}],"wp:term":[{"taxonomy":"product_brand","embeddable":true,"href":"https:\/\/cncarv.com\/vi\/wp-json\/wp\/v2\/product_brand?post=2284"},{"taxonomy":"product_cat","embeddable":true,"href":"https:\/\/cncarv.com\/vi\/wp-json\/wp\/v2\/product_cat?post=2284"},{"taxonomy":"product_tag","embeddable":true,"href":"https:\/\/cncarv.com\/vi\/wp-json\/wp\/v2\/product_tag?post=2284"}],"curies":[{"name":"wp","href":"https:\/\/api.w.org\/{rel}","templated":true}]}}