{"id":2276,"date":"2025-07-17T08:26:28","date_gmt":"2025-07-17T08:26:28","guid":{"rendered":"https:\/\/cncarv.com\/?post_type=product&#038;p=2276"},"modified":"2025-07-22T01:38:36","modified_gmt":"2025-07-22T01:38:36","slug":"x-series-high-speed-template-cutting-and-milling-machine","status":"publish","type":"product","link":"https:\/\/cncarv.com\/vi\/san-pham\/x-series-high-speed-template-cutting-and-milling-machine\/","title":{"rendered":"M\u00e1y c\u1eaft v\u00e0 gia c\u00f4ng khu\u00f4n m\u1eabu t\u1ed1c \u0111\u1ed9 cao D\u00f2ng X"},"content":{"rendered":"<p>T\u00ednh n\u0103ng s\u1ea3n ph\u1ea9m<\/p>\n<p>V\u1eadn h\u00e0nh m\u00e1y t\u00ednh v\u00e0 gia c\u00f4ng c\u1eaft v\u00e0 phay \u0111\u1ed3ng th\u1eddi, th\u00f4ng qua \u0111\u1ed9ng c\u01a1 tr\u1ee5c ch\u00ednh l\u00e0m m\u00e1t b\u1eb1ng n\u01b0\u1edbc c\u00f3 t\u1ea7n s\u1ed1 cao, quay dao phay \u0111\u1ec3 c\u1eaft m\u1ed9t l\u1ea7n c\u00e1c v\u1eadt li\u1ec7u nh\u01b0 t\u1ea5m PVC, t\u1ea5m epoxy, b\u00eca c\u1ee9ng v\u00e0 c\u00e1c v\u1eadt li\u1ec7u \u0111a ph\u01b0\u01a1ng ti\u1ec7n kh\u00e1c m\u00e0 kh\u00f4ng g\u00e2y b\u1ee5i, nh\u1eb1m tr\u00e1nh s\u1ef1 kh\u00f4ng ch\u00ednh x\u00e1c c\u1ee7a vi\u1ec7c c\u1eaft tay v\u00e0 kh\u00ed th\u1ea3i c\u00f3 h\u1ea1i cho s\u1ee9c kh\u1ecfe t\u1eeb m\u00e1y c\u1eaft laser. T\u01b0\u01a1ng th\u00edch v\u1edbi d\u1eef li\u1ec7u t\u1eeb b\u1ea5t k\u1ef3 ph\u1ea7n m\u1ec1m CAD n\u00e0o.<\/p>\n<p>\u01afu \u0111i\u1ec3m c\u1ee7a s\u1ea3n ph\u1ea9m<\/p>\n<p>\u0110\u1ed9ng c\u01a1 l\u00e0m m\u00e1t b\u1eb1ng n\u01b0\u1edbc t\u1ed1c \u0111\u1ed9 cao k\u1ebft h\u1ee3p v\u1edbi c\u00e1c thu\u1eadt to\u00e1n ph\u1ea7n m\u1ec1m m\u1edbi gi\u00fap n\u00e2ng cao \u0111\u00e1ng k\u1ec3 hi\u1ec7u su\u1ea5t c\u1eaft v\u00e0 gia c\u00f4ng.<\/p>\n<p>\u0110i\u1ec1u khi\u1ec3n t\u1ef1 \u0111\u1ed9ng h\u1ec7 th\u1ed1ng h\u00fat k\u00e9p, c\u1eaft v\u00e0 gia c\u00f4ng ch\u00ednh x\u00e1c h\u01a1n c\u00e1c m\u1eabu nh\u1ecf.<\/p>\n<p>M\u00e1y c\u00f3 th\u1ec3 \u0111\u01b0\u1ee3c trang b\u1ecb m\u00f4-\u0111un k\u1eb9p t\u1ef1 \u0111\u1ed9ng b\u1eb1ng kh\u00ed n\u00e9n t\u00f9y ch\u1ecdn, ti\u1ebft ki\u1ec7m n\u0103ng l\u01b0\u1ee3ng v\u00e0 th\u00e2n thi\u1ec7n v\u1edbi m\u00f4i tr\u01b0\u1eddng.<\/p>\n<p>H\u1ec7 th\u1ed1ng \u0111i\u1ec1u khi\u1ec3n t\u1ed1c \u0111\u1ed9 th\u00edch \u1ee9ng theo \u0111\u01b0\u1eddng cong, c\u1eaft v\u00e0 gia c\u00f4ng \u0111\u01b0\u1eddng cong tr\u00f2n h\u01a1n, \u0111\u1ed9 d\u00e0y c\u1eaft l\u00ean \u0111\u1ebfn 10mm.<\/p>\n<p>V\u1edbi ph\u1ea7n m\u1ec1m thi\u1ebft k\u1ebf m\u1eabu chuy\u00ean nghi\u1ec7p, vi\u1ec7c s\u1ea3n xu\u1ea5t m\u1eabu tr\u1edf n\u00ean \u0111\u01a1n gi\u1ea3n v\u00e0 hi\u1ec7u qu\u1ea3.<\/p>","protected":false},"excerpt":{"rendered":"<table width=\"917\">\n<tbody>\n<tr>\n<td style=\"text-align: center;\" colspan=\"2\" width=\"917\">M\u00e1y c\u1eaft v\u00e0 gia c\u00f4ng khu\u00f4n m\u1eabu t\u1ed1c \u0111\u1ed9 cao D\u00f2ng X<\/td>\n<\/tr>\n<tr>\n<td>Lo\u1ea1i m\u00e1y<\/td>\n<td>XM (s\u1eed d\u1ee5ng k\u00e9p)\/XP (s\u1eed d\u1ee5ng \u0111\u01a1n) 1509 1512 1809 1812<\/td>\n<\/tr>\n<tr>\n<td>Khu v\u1ef1c l\u00e0m vi\u1ec7c<\/td>\n<td>1500*900 1500*1200 1800*900 1800*1200<\/td>\n<\/tr>\n<tr>\n<td>\u0110\u1eb7c \u0111i\u1ec3m ho\u1ea1t \u0111\u1ed9ng<\/td>\n<td>\u0110a n\u0103ng v\u00e0 m\u1ea1nh m\u1ebd, t\u01b0\u01a1ng th\u00edch v\u1edbi b\u1ea5t k\u1ef3 h\u1ec7 th\u1ed1ng ph\u1ea7n m\u1ec1m CAD n\u00e0o tr\u00ean th\u1ecb tr\u01b0\u1eddng.<\/td>\n<\/tr>\n<tr>\n<td>V\u1eadt li\u1ec7u c\u1eaft<\/td>\n<td>T\u1ea5m acrylic, t\u1ea5m PVC, t\u1ea5m PET, t\u1ea5m oxit v\u00e0ng, gi\u1ea5y ngh\u1ec7 thu\u1eadt, gi\u1ea5y kraft<\/td>\n<\/tr>\n<tr>\n<td>Ph\u01b0\u01a1ng ph\u00e1p c\u1eaft<\/td>\n<td>Dao phay \u0111a \u0111\u01b0\u1eddng k\u00ednh (c\u00f3 th\u1ec3 thay th\u1ebf), dao kh\u1eafc (t\u00f9y ch\u1ecdn)<\/td>\n<\/tr>\n<tr>\n<td>Lo\u1ea1i dao\/lo\u1ea1i b\u00fat<\/td>\n<td>Dao phay (\u0111\u01a1n l\u01b0\u1ee1i\/\u0111a l\u01b0\u1ee1i), dao c\u1eaft, b\u00fat m\u1ef1c d\u1ea7u, b\u00fat bi.<\/td>\n<\/tr>\n<tr>\n<td>Ph\u01b0\u01a1ng ph\u00e1p hi\u1ec3n th\u1ecb<\/td>\n<td>M\u00e0n h\u00ecnh c\u1ea3m \u1ee9ng m\u00e0u LED 4,5 inch<\/td>\n<\/tr>\n<tr>\n<td>T\u1ed1c \u0111\u1ed9 c\u1eaft<\/td>\n<td>\u2264800mm\/s<\/td>\n<\/tr>\n<tr>\n<td>\u0110\u1ed9 d\u00e0y c\u1eaft<\/td>\n<td>\u226410mm<\/td>\n<\/tr>\n<tr>\n<td>Ph\u01b0\u01a1ng ph\u00e1p s\u1eeda ch\u1eefa<\/td>\n<td>H\u00fat ch\u00e2n kh\u00f4ng<\/td>\n<\/tr>\n<tr>\n<td>\u0110\u1ed9 ch\u00ednh x\u00e1c khi c\u1eaft<\/td>\n<td>\u22640.01mm<\/td>\n<\/tr>\n<tr>\n<td>\u0110\u1ed9 ch\u00ednh x\u00e1c c\u1ee7a vi\u1ec7c l\u1eb7p l\u1ea1i<\/td>\n<td>hpg hpgl plt dxf<\/td>\n<\/tr>\n<tr>\n<td>C\u1ed5ng ra<\/td>\n<td>Giao di\u1ec7n m\u1ea1ng<\/td>\n<\/tr>\n<tr>\n<td>T\u1ed1c \u0111\u1ed9 tr\u1ee5c ch\u00ednh<\/td>\n<td>42.000 m\u00e9t vu\u00f4ng\/ph\u00fat<\/td>\n<\/tr>\n<tr>\n<td>L\u00e0m m\u00e1t tr\u1ee5c ch\u00ednh:<\/td>\n<td>H\u1ec7 th\u1ed1ng l\u00e0m m\u00e1t b\u1eb1ng n\u01b0\u1edbc tu\u1ea7n ho\u00e0n<\/td>\n<\/tr>\n<tr>\n<td>\u0110i\u1ec7n \u00e1p\/C\u00f4ng su\u1ea5t<\/td>\n<td>(AC)220V+10\uff05\/2-4.2KW<\/td>\n<\/tr>\n<\/tbody>\n<\/table>","protected":false},"featured_media":2358,"template":"","meta":{"site-sidebar-layout":"default","site-content-layout":"","ast-site-content-layout":"default","site-content-style":"default","site-sidebar-style":"default","ast-global-header-display":"","ast-banner-title-visibility":"","ast-main-header-display":"","ast-hfb-above-header-display":"","ast-hfb-below-header-display":"","ast-hfb-mobile-header-display":"","site-post-title":"","ast-breadcrumbs-content":"","ast-featured-img":"","footer-sml-layout":"","theme-transparent-header-meta":"default","adv-header-id-meta":"","stick-header-meta":"","header-above-stick-meta":"","header-main-stick-meta":"","header-below-stick-meta":"","astra-migrate-meta-layouts":"set","ast-page-background-enabled":"default","ast-page-background-meta":{"desktop":{"background-color":"var(--ast-global-color-4)","background-image":"","background-repeat":"repeat","background-position":"center center","background-size":"auto","background-attachment":"scroll","background-type":"","background-media":"","overlay-type":"","overlay-color":"","overlay-opacity":"","overlay-gradient":""},"tablet":{"background-color":"","background-image":"","background-repeat":"repeat","background-position":"center center","background-size":"auto","background-attachment":"scroll","background-type":"","background-media":"","overlay-type":"","overlay-color":"","overlay-opacity":"","overlay-gradient":""},"mobile":{"background-color":"","background-image":"","background-repeat":"repeat","background-position":"center center","background-size":"auto","background-attachment":"scroll","background-type":"","background-media":"","overlay-type":"","overlay-color":"","overlay-opacity":"","overlay-gradient":""}},"ast-content-background-meta":{"desktop":{"background-color":"var(--ast-global-color-5)","background-image":"","background-repeat":"repeat","background-position":"center center","background-size":"auto","background-attachment":"scroll","background-type":"","background-media":"","overlay-type":"","overlay-color":"","overlay-opacity":"","overlay-gradient":""},"tablet":{"background-color":"var(--ast-global-color-5)","background-image":"","background-repeat":"repeat","background-position":"center center","background-size":"auto","background-attachment":"scroll","background-type":"","background-media":"","overlay-type":"","overlay-color":"","overlay-opacity":"","overlay-gradient":""},"mobile":{"background-color":"var(--ast-global-color-5)","background-image":"","background-repeat":"repeat","background-position":"center center","background-size":"auto","background-attachment":"scroll","background-type":"","background-media":"","overlay-type":"","overlay-color":"","overlay-opacity":"","overlay-gradient":""}}},"product_brand":[],"product_cat":[26],"product_tag":[],"class_list":{"0":"post-2276","1":"product","2":"type-product","3":"status-publish","4":"has-post-thumbnail","6":"product_cat-template-cutting-and-milling-machine","7":"desktop-align-left","8":"tablet-align-left","9":"mobile-align-left","10":"ast-product-gallery-layout-horizontal-slider","11":"ast-product-gallery-with-no-image","12":"ast-product-tabs-layout-horizontal","14":"first","15":"instock","16":"featured","17":"shipping-taxable","18":"product-type-simple"},"_links":{"self":[{"href":"https:\/\/cncarv.com\/vi\/wp-json\/wp\/v2\/product\/2276","targetHints":{"allow":["GET"]}}],"collection":[{"href":"https:\/\/cncarv.com\/vi\/wp-json\/wp\/v2\/product"}],"about":[{"href":"https:\/\/cncarv.com\/vi\/wp-json\/wp\/v2\/types\/product"}],"wp:featuredmedia":[{"embeddable":true,"href":"https:\/\/cncarv.com\/vi\/wp-json\/wp\/v2\/media\/2358"}],"wp:attachment":[{"href":"https:\/\/cncarv.com\/vi\/wp-json\/wp\/v2\/media?parent=2276"}],"wp:term":[{"taxonomy":"product_brand","embeddable":true,"href":"https:\/\/cncarv.com\/vi\/wp-json\/wp\/v2\/product_brand?post=2276"},{"taxonomy":"product_cat","embeddable":true,"href":"https:\/\/cncarv.com\/vi\/wp-json\/wp\/v2\/product_cat?post=2276"},{"taxonomy":"product_tag","embeddable":true,"href":"https:\/\/cncarv.com\/vi\/wp-json\/wp\/v2\/product_tag?post=2276"}],"curies":[{"name":"wp","href":"https:\/\/api.w.org\/{rel}","templated":true}]}}