{"id":2215,"date":"2025-07-17T01:23:13","date_gmt":"2025-07-17T01:23:13","guid":{"rendered":"https:\/\/cncarv.com\/?post_type=product&#038;p=2215"},"modified":"2025-09-02T07:18:22","modified_gmt":"2025-09-02T07:18:22","slug":"mt-full-drive-digital-puller","status":"publish","type":"product","link":"https:\/\/cncarv.com\/vi\/san-pham\/mt-full-drive-digital-puller\/","title":{"rendered":"MT Full-drive Digital Puller"},"content":{"rendered":"<p>Ch\u1ee9c n\u0103ng s\u1ea3n ph\u1ea9m<\/p>\n<p>Gi\u1ea3i quy\u1ebft c\u00e1c v\u1ea5n \u0111\u1ec1 nh\u01b0 c\u1ea5p li\u1ec7u k\u00e9m, di chuy\u1ec3n kh\u00f4ng \u0111\u1ec1u qua c\u00e1c g\u1edd, tr\u01b0\u1ee3t v\u1ea3i v\u00e0 l\u1edbp v\u1ea3i kh\u00f4ng \u0111\u1ec1u trong qu\u00e1 tr\u00ecnh may v\u1ea3i.<\/p>\n<p>Ph\u00f9 h\u1ee3p cho qu\u1ea7n \u00e1o, v.v.<\/p>\n<p>C\u00e1c c\u1ea5u h\u00ecnh kh\u00e1c nhau c\u00f3 th\u1ec3 \u0111\u01b0\u1ee3c l\u1eafp \u0111\u1eb7t tr\u00ean b\u1ea5t k\u1ef3 m\u00e1y may ph\u1eb3ng, m\u00e1y may kim \u0111\u00f4i, m\u00e1y may \u0111\u1ed3ng b\u1ed9, v.v.<\/p>\n<p>\u01afu \u0111i\u1ec3m c\u1ee7a s\u1ea3n ph\u1ea9m<\/p>\n<p>C\u00f4ng ngh\u1ec7 m\u00e1y may t\u1ed1c \u0111\u1ed9 cao v\u00e0 \u0111\u1ed3ng b\u1ed9 ho\u00e0n to\u00e0n.<\/p>\n<p>M\u00f4-t\u01a1 \u0111\u1ed9c l\u1eadp d\u00f9ng \u0111\u1ec3 n\u00e2ng v\u00e0 th\u1ea3 c\u00e1c thi\u1ebft b\u1ecb k\u00e9o, ti\u1ec7n l\u1ee3i, \u0111\u01a1n gi\u1ea3n v\u00e0 b\u1ec1n b\u1ec9.<\/p>\n<p>L\u1ef1c k\u00e9o c\u1ee7a thi\u1ebft b\u1ecb n\u00e0y g\u1ea5p 1,5 l\u1ea7n so v\u1edbi m\u1ed9t thi\u1ebft b\u1ecb k\u00e9o k\u1ef9 thu\u1eadt s\u1ed1 th\u00f4ng th\u01b0\u1eddng.<\/p>\n<p>C\u00f4ng c\u1ee5 k\u00e9o c\u00f3 th\u1ec3 \u0111\u01b0\u1ee3c n\u00e2ng l\u00ean m\u00e0 kh\u00f4ng \u1ea3nh h\u01b0\u1edfng \u0111\u1ebfn ch\u1ee9c n\u0103ng b\u00ecnh th\u01b0\u1eddng c\u1ee7a m\u00e1y may.<\/p>\n<p>T\u00ednh n\u0103ng s\u1ea3n ph\u1ea9m<\/p>\n<p>D\u00f2ng s\u1ea3n ph\u1ea9m MT - M\u00e1y k\u00e9o s\u1ed1 h\u00f3a to\u00e0n ph\u1ea7n, v\u1edbi c\u00f4ng ngh\u1ec7 gia c\u00f4ng ch\u00ednh x\u00e1c cao, \u0111\u1ed9ng c\u01a1 \u0111\u1ed9c l\u1eadp \u0111i\u1ec1u khi\u1ec3n n\u00e2ng h\u1ea1, gi\u1ea3m ti\u1ebfng \u1ed3n, tu\u1ed5i th\u1ecd cao, v.v.<\/p>\n<p>T\u01b0\u01a1ng th\u00edch v\u1edbi t\u1ea5t c\u1ea3 c\u00e1c lo\u1ea1i m\u00e1y may hi\u1ec7n c\u00f3 tr\u00ean th\u1ecb tr\u01b0\u1eddng.<\/p>","protected":false},"excerpt":{"rendered":"<table style=\"border-collapse: collapse; width: 471.02pt;\" border=\"0\" width=\"628\" cellspacing=\"0\" cellpadding=\"0\">\n<tbody>\n<tr style=\"height: 30.00pt;\">\n<td class=\"et2\" style=\"height: 30pt; width: 471pt; text-align: center;\" colspan=\"2\" width=\"628\" height=\"40\">MT Full-drive Digital Puller<\/td>\n<\/tr>\n<tr style=\"height: 30.00pt;\">\n<td class=\"et3\" style=\"height: 30.00pt;\" height=\"40\">Ch\u1ebf \u0111\u1ed9 l\u00e1i<\/td>\n<td class=\"et3\">M\u00f4-t\u01a1 b\u01b0\u1edbc \u0111\u1ed9c l\u1eadp<\/td>\n<\/tr>\n<tr style=\"height: 30.00pt;\">\n<td class=\"et3\" style=\"height: 30.00pt;\" height=\"40\">Ch\u1ebf \u0111\u1ed9 n\u00e2ng<\/td>\n<td class=\"et3\">Thi\u1ebft b\u1ecb n\u00e2ng h\u1ea1 \u0111\u1ed9ng c\u01a1<\/td>\n<\/tr>\n<tr style=\"height: 30.00pt;\">\n<td class=\"et3\" style=\"height: 30.00pt;\" height=\"40\">Ch\u1ebf \u0111\u1ed9 \u00e1p su\u1ea5t<\/td>\n<td class=\"et3\">L\u00f2 xo \u0111i\u1ec1u ch\u1ec9nh \u0111\u01b0\u1ee3c<\/td>\n<\/tr>\n<tr style=\"height: 30.00pt;\">\n<td class=\"et3\" style=\"height: 30.00pt;\" height=\"40\">Chi\u1ec1u cao n\u00e2ng<\/td>\n<td class=\"et3\"><span class=\"font1\">\u226430mm tr\u1ea1ng th\u00e1i kh\u00f4ng ho\u1ea1t \u0111\u1ed9ng<\/span><span class=\"font2\">\uff08<\/span><span class=\"font1\">Tr\u1ea1ng th\u00e1i ho\u1ea1t \u0111\u1ed9ng \u226412mm<\/span><span class=\"font2\">\uff09<\/span><\/td>\n<\/tr>\n<tr style=\"height: 30.00pt;\">\n<td class=\"et3\" style=\"height: 30.00pt;\" height=\"40\">Kho\u1ea3ng c\u00e1ch t\u1ed1i \u0111a gi\u1eefa c\u00e1c kim<\/td>\n<td class=\"et3\">\u226412mm<\/td>\n<\/tr>\n<tr style=\"height: 30.00pt;\">\n<td class=\"et3\" style=\"height: 30.00pt;\" height=\"40\">K\u00e9o con l\u0103n<\/td>\n<td class=\"et3\"><span class=\"font1\">\u22643nm<\/span><span class=\"font3\">\uff08<\/span><span class=\"font1\">Xem c\u1ea5u h\u00ecnh<\/span><span class=\"font3\">\uff09<\/span><\/td>\n<\/tr>\n<\/tbody>\n<\/table>","protected":false},"featured_media":2337,"template":"","meta":{"site-sidebar-layout":"default","site-content-layout":"","ast-site-content-layout":"default","site-content-style":"default","site-sidebar-style":"default","ast-global-header-display":"","ast-banner-title-visibility":"","ast-main-header-display":"","ast-hfb-above-header-display":"","ast-hfb-below-header-display":"","ast-hfb-mobile-header-display":"","site-post-title":"","ast-breadcrumbs-content":"","ast-featured-img":"","footer-sml-layout":"","theme-transparent-header-meta":"default","adv-header-id-meta":"","stick-header-meta":"","header-above-stick-meta":"","header-main-stick-meta":"","header-below-stick-meta":"","astra-migrate-meta-layouts":"set","ast-page-background-enabled":"default","ast-page-background-meta":{"desktop":{"background-color":"var(--ast-global-color-4)","background-image":"","background-repeat":"repeat","background-position":"center center","background-size":"auto","background-attachment":"scroll","background-type":"","background-media":"","overlay-type":"","overlay-color":"","overlay-opacity":"","overlay-gradient":""},"tablet":{"background-color":"","background-image":"","background-repeat":"repeat","background-position":"center center","background-size":"auto","background-attachment":"scroll","background-type":"","background-media":"","overlay-type":"","overlay-color":"","overlay-opacity":"","overlay-gradient":""},"mobile":{"background-color":"","background-image":"","background-repeat":"repeat","background-position":"center center","background-size":"auto","background-attachment":"scroll","background-type":"","background-media":"","overlay-type":"","overlay-color":"","overlay-opacity":"","overlay-gradient":""}},"ast-content-background-meta":{"desktop":{"background-color":"var(--ast-global-color-5)","background-image":"","background-repeat":"repeat","background-position":"center center","background-size":"auto","background-attachment":"scroll","background-type":"","background-media":"","overlay-type":"","overlay-color":"","overlay-opacity":"","overlay-gradient":""},"tablet":{"background-color":"var(--ast-global-color-5)","background-image":"","background-repeat":"repeat","background-position":"center center","background-size":"auto","background-attachment":"scroll","background-type":"","background-media":"","overlay-type":"","overlay-color":"","overlay-opacity":"","overlay-gradient":""},"mobile":{"background-color":"var(--ast-global-color-5)","background-image":"","background-repeat":"repeat","background-position":"center center","background-size":"auto","background-attachment":"scroll","background-type":"","background-media":"","overlay-type":"","overlay-color":"","overlay-opacity":"","overlay-gradient":""}}},"product_brand":[],"product_cat":[23],"product_tag":[],"class_list":{"0":"post-2215","1":"product","2":"type-product","3":"status-publish","4":"has-post-thumbnail","6":"product_cat-digital-puller-series","7":"desktop-align-left","8":"tablet-align-left","9":"mobile-align-left","10":"ast-product-gallery-layout-horizontal-slider","11":"ast-product-gallery-with-no-image","12":"ast-product-tabs-layout-horizontal","14":"first","15":"instock","16":"shipping-taxable","17":"product-type-simple"},"_links":{"self":[{"href":"https:\/\/cncarv.com\/vi\/wp-json\/wp\/v2\/product\/2215","targetHints":{"allow":["GET"]}}],"collection":[{"href":"https:\/\/cncarv.com\/vi\/wp-json\/wp\/v2\/product"}],"about":[{"href":"https:\/\/cncarv.com\/vi\/wp-json\/wp\/v2\/types\/product"}],"wp:featuredmedia":[{"embeddable":true,"href":"https:\/\/cncarv.com\/vi\/wp-json\/wp\/v2\/media\/2337"}],"wp:attachment":[{"href":"https:\/\/cncarv.com\/vi\/wp-json\/wp\/v2\/media?parent=2215"}],"wp:term":[{"taxonomy":"product_brand","embeddable":true,"href":"https:\/\/cncarv.com\/vi\/wp-json\/wp\/v2\/product_brand?post=2215"},{"taxonomy":"product_cat","embeddable":true,"href":"https:\/\/cncarv.com\/vi\/wp-json\/wp\/v2\/product_cat?post=2215"},{"taxonomy":"product_tag","embeddable":true,"href":"https:\/\/cncarv.com\/vi\/wp-json\/wp\/v2\/product_tag?post=2215"}],"curies":[{"name":"wp","href":"https:\/\/api.w.org\/{rel}","templated":true}]}}